{"id":40821,"date":"2021-01-13T16:05:04","date_gmt":"2021-01-13T21:05:04","guid":{"rendered":"https:\/\/preprod.activ.is\/?page_id=40821"},"modified":"2021-06-30T13:28:41","modified_gmt":"2021-06-30T17:28:41","slug":"production-services","status":"publish","type":"page","link":"https:\/\/preprod.activ.is\/en\/creating-with-canada\/production-services\/","title":{"rendered":"Production services"},"content":{"rendered":"\t\t<div data-elementor-type=\"wp-post\" data-elementor-id=\"40821\" class=\"elementor elementor-40821\" data-elementor-post-type=\"page\">\n\t\t\t\t\t\t<section class=\"elementor-section elementor-top-section elementor-element elementor-element-82f77ea elementor-section-height-min-height elementor-section-items-stretch elementor-section-stretched elementor-section-boxed elementor-section-height-default\" data-id=\"82f77ea\" data-element_type=\"section\" data-e-type=\"section\" data-settings=\"{&quot;stretch_section&quot;:&quot;section-stretched&quot;}\">\n\t\t\t\t\t\t<div class=\"elementor-container elementor-column-gap-default\">\n\t\t\t\t\t<div class=\"elementor-column elementor-col-50 elementor-top-column elementor-element elementor-element-109b4a95\" data-id=\"109b4a95\" data-element_type=\"column\" data-e-type=\"column\">\n\t\t\t<div class=\"elementor-widget-wrap elementor-element-populated\">\n\t\t\t\t\t\t<div class=\"elementor-element elementor-element-d478ab3 animated-fast elementor-invisible elementor-widget elementor-widget-heading\" data-id=\"d478ab3\" data-element_type=\"widget\" data-e-type=\"widget\" data-settings=\"{&quot;_animation_delay&quot;:300,&quot;_animation&quot;:&quot;fadeIn&quot;}\" data-widget_type=\"heading.default\">\n\t\t\t\t<div class=\"elementor-widget-container\">\n\t\t\t\t\t<h1 class=\"elementor-heading-title elementor-size-xxl\" id=\"production\">Production<\/h1>\t\t\t\t<\/div>\n\t\t\t\t<\/div>\n\t\t\t\t<div class=\"elementor-element elementor-element-7479b516 animated-fast elementor-invisible elementor-widget elementor-widget-heading\" data-id=\"7479b516\" data-element_type=\"widget\" data-e-type=\"widget\" data-settings=\"{&quot;_animation_delay&quot;:300,&quot;_animation&quot;:&quot;fadeIn&quot;}\" data-widget_type=\"heading.default\">\n\t\t\t\t<div class=\"elementor-widget-container\">\n\t\t\t\t\t<h1 class=\"elementor-heading-title elementor-size-xxl\" id=\"services\">services.<\/h1>\t\t\t\t<\/div>\n\t\t\t\t<\/div>\n\t\t\t\t\t<\/div>\n\t\t<\/div>\n\t\t\t\t<div class=\"elementor-column elementor-col-50 elementor-top-column elementor-element elementor-element-603a9bee elementor-hidden-phone\" data-id=\"603a9bee\" data-element_type=\"column\" data-e-type=\"column\" data-settings=\"{&quot;background_background&quot;:&quot;classic&quot;}\">\n\t\t\t<div class=\"elementor-widget-wrap\">\n\t\t\t\t\t\t\t<\/div>\n\t\t<\/div>\n\t\t\t\t\t<\/div>\n\t\t<\/section>\n\t\t\t\t<section class=\"elementor-section elementor-top-section elementor-element elementor-element-3d9b86de elementor-section-height-min-height elementor-section-items-stretch elementor-section-stretched elementor-section-boxed elementor-section-height-default\" data-id=\"3d9b86de\" data-element_type=\"section\" data-e-type=\"section\" data-settings=\"{&quot;stretch_section&quot;:&quot;section-stretched&quot;}\">\n\t\t\t\t\t\t<div class=\"elementor-container elementor-column-gap-default\">\n\t\t\t\t\t<div class=\"elementor-column elementor-col-100 elementor-top-column elementor-element elementor-element-2482ea76\" data-id=\"2482ea76\" data-element_type=\"column\" data-e-type=\"column\" data-settings=\"{&quot;background_background&quot;:&quot;classic&quot;}\">\n\t\t\t<div class=\"elementor-widget-wrap elementor-element-populated\">\n\t\t\t\t\t\t<div class=\"elementor-element elementor-element-46b9b1d3 elementor-widget elementor-widget-spacer\" data-id=\"46b9b1d3\" data-element_type=\"widget\" data-e-type=\"widget\" data-widget_type=\"spacer.default\">\n\t\t\t\t<div class=\"elementor-widget-container\">\n\t\t\t\t\t\t\t<div class=\"elementor-spacer\">\n\t\t\t<div class=\"elementor-spacer-inner\"><\/div>\n\t\t<\/div>\n\t\t\t\t\t\t<\/div>\n\t\t\t\t<\/div>\n\t\t\t\t\t<\/div>\n\t\t<\/div>\n\t\t\t\t\t<\/div>\n\t\t<\/section>\n\t\t\t\t<section class=\"elementor-section elementor-top-section elementor-element elementor-element-975c0d2 elementor-section-boxed elementor-section-height-default elementor-section-height-default\" data-id=\"975c0d2\" data-element_type=\"section\" data-e-type=\"section\">\n\t\t\t\t\t\t<div class=\"elementor-container elementor-column-gap-default\">\n\t\t\t\t\t<div class=\"elementor-column elementor-col-100 elementor-top-column elementor-element elementor-element-66eaa1e0\" data-id=\"66eaa1e0\" data-element_type=\"column\" data-e-type=\"column\">\n\t\t\t<div class=\"elementor-widget-wrap elementor-element-populated\">\n\t\t\t\t\t\t<div class=\"elementor-element elementor-element-333f4ae3 animated-fast elementor-invisible elementor-widget elementor-widget-heading\" data-id=\"333f4ae3\" data-element_type=\"widget\" data-e-type=\"widget\" data-settings=\"{&quot;_animation&quot;:&quot;fadeInUp&quot;,&quot;_animation_delay&quot;:300}\" data-widget_type=\"heading.default\">\n\t\t\t\t<div class=\"elementor-widget-container\">\n\t\t\t\t\t<h2 class=\"elementor-heading-title elementor-size-xl\" id=\"canada-believes-in-thinking-big\">Canada believes in thinking big. <\/h2>\t\t\t\t<\/div>\n\t\t\t\t<\/div>\n\t\t\t\t<div class=\"elementor-element elementor-element-4302e2ee animated-fast elementor-invisible elementor-widget elementor-widget-text-editor\" data-id=\"4302e2ee\" data-element_type=\"widget\" data-e-type=\"widget\" data-settings=\"{&quot;_animation&quot;:&quot;fadeInUp&quot;,&quot;_animation_delay&quot;:300}\" data-widget_type=\"text-editor.default\">\n\t\t\t\t<div class=\"elementor-widget-container\">\n\t\t\t\t\t\t\t\t\t<p>Tap into our wealth of cutting-edge expertise and offerings to make your next project shine!<\/p><p style=\"text-align: left;\">When it comes to <span style=\"color: #cc2727;\"><strong>production services<\/strong><\/span>, Canada\u2019s got talent. Virtual reality, animation, special effects, sound and set design, and much more.<\/p><p style=\"text-align: left;\">No need to scour the planet for the perfect <span style=\"color: #cc2727;\"><strong>location:<\/strong><\/span> just dive into in Canada\u2019s diverse landscapes and dynamic locales. From breathtaking mountain ranges and seascapes to urban skylines that touch the clouds, Canada\u2019s wide open and waiting for you.<\/p>\t\t\t\t\t\t\t\t<\/div>\n\t\t\t\t<\/div>\n\t\t\t\t<div class=\"elementor-element elementor-element-12f22fec animated-fast elementor-invisible elementor-widget elementor-widget-toggle\" data-id=\"12f22fec\" data-element_type=\"widget\" data-e-type=\"widget\" data-settings=\"{&quot;_animation&quot;:&quot;fadeInUp&quot;,&quot;_animation_delay&quot;:300}\" data-widget_type=\"toggle.default\">\n\t\t\t\t<div class=\"elementor-widget-container\">\n\t\t\t\t\t\t\t<div class=\"elementor-toggle\">\n\t\t\t\t\t\t\t<div class=\"elementor-toggle-item\">\n\t\t\t\t\t<div id=\"elementor-tab-title-3171\" class=\"elementor-tab-title\" data-tab=\"1\" role=\"button\" aria-controls=\"elementor-tab-content-3171\" aria-expanded=\"false\">\n\t\t\t\t\t\t\t\t\t\t\t\t<span class=\"elementor-toggle-icon elementor-toggle-icon-left\" aria-hidden=\"true\">\n\t\t\t\t\t\t\t\t\t\t\t\t\t\t\t<span class=\"elementor-toggle-icon-closed\"><i class=\"fas fa-angle-down\"><\/i><\/span>\n\t\t\t\t\t\t\t\t<span class=\"elementor-toggle-icon-opened\"><i class=\"elementor-toggle-icon-opened fas fa-angle-up\"><\/i><\/span>\n\t\t\t\t\t\t\t\t\t\t\t\t\t<\/span>\n\t\t\t\t\t\t\t\t\t\t\t\t<a class=\"elementor-toggle-title\" tabindex=\"0\">Professional associations<\/a>\n\t\t\t\t\t<\/div>\n\n\t\t\t\t\t<div id=\"elementor-tab-content-3171\" class=\"elementor-tab-content elementor-clearfix\" data-tab=\"1\" role=\"region\" aria-labelledby=\"elementor-tab-title-3171\"><h4 id=\"local-experts-ready-to-offer-you-their-support\">Local experts ready to offer you their support<\/h4><p>\u00a0<\/p><p style=\"padding-left: 40px;\"><a href=\"http:\/\/www.aboriginalprofessionals.org\/\">Aboriginal Professional Association of Canada (APAC)<\/a><\/p><p style=\"padding-left: 40px;\"><a href=\"http:\/\/www.academy.ca\/\">Academy of Canadian Cinema &amp; Television<\/a><\/p><p style=\"padding-left: 40px;\"><a href=\"http:\/\/www.aqtis.qc.ca\/\">Alliance qu\u00e9b\u00e9coise des techniciens de l\u2019image et du son<\/a><\/p><p style=\"padding-left: 40px;\"><a href=\"http:\/\/www.apftq.qc.ca\/\">Association qu\u00e9b\u00e9coise de la production m\u00e9diatique<\/a><\/p><p style=\"padding-left: 40px;\"><a href=\"http:\/\/www.cmpa.ca\/\">Canadian Media Production Association (CMPA)<\/a><\/p><p style=\"padding-left: 40px;\"><a href=\"http:\/\/www.csc.ca\/\">Canadian Society of Cinematographers<\/a><\/p><p style=\"padding-left: 40px;\"><a href=\"https:\/\/www.wct-fct.com\/\">Canadian Women in Communications and Technology<\/a><\/p><p style=\"padding-left: 40px;\"><a href=\"http:\/\/www.dgc.ca\/\">Directors Guild of Canada<\/a><\/p><p style=\"padding-left: 40px;\"><a href=\"http:\/\/www.docorg.ca\">Documentary Organization of Canada<\/a><\/p><p style=\"padding-left: 40px;\"><a href=\"https:\/\/lefric.ca\/\">Front des r\u00e9alisateurs ind\u00e9pendants du Canada<\/a><\/p><p style=\"padding-left: 40px;\"><a href=\"http:\/\/www.socan.ca\/\">Society of Composers, Authors and Music Publishers of Canada (SOCAN)<\/a><\/p><p style=\"padding-left: 40px;\"><a href=\"http:\/\/www.sacd.ca\/\">Soci\u00e9t\u00e9 des Auteurs et Compositeurs Dramatiques (SACD)<\/a><\/p><p style=\"padding-left: 40px;\"><a href=\"http:\/\/www.sartec.qc.ca\/\">Soci\u00e9t\u00e9 des Auteurs de Radio, T\u00e9l\u00e9vision et Cin\u00e9ma<\/a><\/p><p style=\"padding-left: 40px;\"><a href=\"http:\/\/www.writersguildofcanada.com\/\">Writers Guild of Canada<\/a><\/p><\/div>\n\t\t\t\t<\/div>\n\t\t\t\t\t\t\t<div class=\"elementor-toggle-item\">\n\t\t\t\t\t<div id=\"elementor-tab-title-3172\" class=\"elementor-tab-title\" data-tab=\"2\" role=\"button\" aria-controls=\"elementor-tab-content-3172\" aria-expanded=\"false\">\n\t\t\t\t\t\t\t\t\t\t\t\t<span class=\"elementor-toggle-icon elementor-toggle-icon-left\" aria-hidden=\"true\">\n\t\t\t\t\t\t\t\t\t\t\t\t\t\t\t<span class=\"elementor-toggle-icon-closed\"><i class=\"fas fa-angle-down\"><\/i><\/span>\n\t\t\t\t\t\t\t\t<span class=\"elementor-toggle-icon-opened\"><i class=\"elementor-toggle-icon-opened fas fa-angle-up\"><\/i><\/span>\n\t\t\t\t\t\t\t\t\t\t\t\t\t<\/span>\n\t\t\t\t\t\t\t\t\t\t\t\t<a class=\"elementor-toggle-title\" tabindex=\"0\">Locations<\/a>\n\t\t\t\t\t<\/div>\n\n\t\t\t\t\t<div id=\"elementor-tab-content-3172\" class=\"elementor-tab-content elementor-clearfix\" data-tab=\"2\" role=\"region\" aria-labelledby=\"elementor-tab-title-3172\"><h4 id=\"from-coast-to-coast-a-list-of-one-of-a-kind-locales-from-which-to-base-your-project\">From coast to coast, a list of one-of-a-kind locales from which to base your project<\/h4>\n&nbsp;\n<p style=\"padding-left: 40px;\"><a href=\"http:\/\/film.alberta.ca\/\">Alberta Culture and Tourism<\/a>\n\n<\/p>\n<p style=\"padding-left: 40px;\"><a href=\"http:\/\/www.bctq.ca\/\">Bureau du cin\u00e9ma et de la t\u00e9l\u00e9vision du Qu\u00e9bec<\/a>\n\n<\/p>\n<p style=\"padding-left: 40px;\"><a href=\"http:\/\/www.bcfilmcommission.com\">Creative BC<\/a>\n\n<\/p>\n<p style=\"padding-left: 40px;\"><a href=\"http:\/\/www.creativesask.ca\">Creative Saskatchewan<\/a>\n\n<\/p>\n<p style=\"padding-left: 40px;\"><a href=\"http:\/\/www.mbfilmmusic.ca\">Manitoba Film and Music<\/a>\n\n<\/p>\n<p style=\"padding-left: 40px;\"><a href=\"http:\/\/www.nbfilm.ca\/\">New Brunswick Fil Nouveau-Brunswick Canada<\/a>\n\n<\/p>\n<p style=\"padding-left: 40px;\"><a href=\"http:\/\/www.nlfdc.ca\/\">Newfoundland &amp; Labrador Film Development Corporation<\/a>\n\n<\/p>\n<p style=\"padding-left: 40px;\"><a href=\"http:\/\/www.nwtfilm.com\/\"><span style=\"font-size: 1.125rem;\">Northwest Territories \u2013 Industry, Tourism and Investment<\/span><\/a><\/p>\n\n<p style=\"padding-left: 40px;\"><a href=\"http:\/\/www.nunavutfilm.ca\/\">Nunavut Film Development Corporation<\/a>\n\n<\/p>\n<p style=\"padding-left: 40px;\"><a href=\"https:\/\/ontariocreates.ca\/\"><span style=\"font-size: 1.125rem;\">Ontario Creates<\/span><\/a><\/p>\n\n<p style=\"padding-left: 40px;\"><a href=\"https:\/\/screennovascotia.com\/\">Screen Nova Scotia<\/a>\n\n<\/p>\n<p style=\"padding-left: 40px;\"><a href=\"http:\/\/www.reelyukon.com\">Yukon Media Development<\/a>\n\n<\/p><\/div>\n\t\t\t\t<\/div>\n\t\t\t\t\t\t\t\t<\/div>\n\t\t\t\t\t\t<\/div>\n\t\t\t\t<\/div>\n\t\t\t\t\t<\/div>\n\t\t<\/div>\n\t\t\t\t\t<\/div>\n\t\t<\/section>\n\t\t\t\t<\/div>\n\t\t","protected":false},"excerpt":{"rendered":"<p>Production services. Canada believes in thinking big. Tap into our wealth of cutting-edge expertise and offerings to make your next project shine! When it comes to production services, Canada\u2019s got talent. Virtual reality, animation, special effects, sound and set design, and much more. No need to scour the planet for the perfect location: just dive&#8230;<\/p>\n","protected":false},"author":879,"featured_media":0,"parent":193,"menu_order":3,"comment_status":"closed","ping_status":"closed","template":"","meta":{"_acf_changed":false,"_crdt_document":"","footnotes":""},"class_list":["post-40821","page","type-page","status-publish","hentry"],"acf":[],"yoast_head":"<!-- This site is optimized with the Yoast SEO plugin v27.4 - https:\/\/yoast.com\/product\/yoast-seo-wordpress\/ -->\n<title>Canadian Audiovisual Production Services - Preprod - RDVCanada<\/title>\n<meta name=\"description\" content=\"Canada\u2019s got talent when it comes to production services: virtual reality, animation, special effects, sound and set design, etc.\" \/>\n<meta name=\"robots\" content=\"noindex, follow, max-snippet:-1, max-image-preview:large, max-video-preview:-1\" \/>\n<meta property=\"og:locale\" content=\"en_US\" \/>\n<meta property=\"og:type\" content=\"article\" \/>\n<meta property=\"og:title\" content=\"Canadian Audiovisual Production Services - Preprod - RDVCanada\" \/>\n<meta property=\"og:description\" content=\"Canada\u2019s got talent when it comes to production services: virtual reality, animation, special effects, sound and set design, etc.\" \/>\n<meta property=\"og:url\" content=\"https:\/\/preprod.activ.is\/en\/creating-with-canada\/production-services\/\" \/>\n<meta property=\"og:site_name\" content=\"Preprod - RDVCanada\" \/>\n<meta property=\"article:publisher\" content=\"https:\/\/www.facebook.com\/telefilmcanada\" \/>\n<meta property=\"article:modified_time\" content=\"2021-06-30T17:28:41+00:00\" \/>\n<meta name=\"twitter:card\" content=\"summary_large_image\" \/>\n<meta name=\"twitter:site\" content=\"@Telefilm_Canada\" \/>\n<meta name=\"twitter:label1\" content=\"Est. reading time\" \/>\n\t<meta name=\"twitter:data1\" content=\"2 minutes\" \/>\n<script type=\"application\/ld+json\" class=\"yoast-schema-graph\">{\n\t    \"@context\": \"https:\\\/\\\/schema.org\",\n\t    \"@graph\": [\n\t        {\n\t            \"@type\": \"WebPage\",\n\t            \"@id\": \"https:\\\/\\\/preprod.activ.is\\\/en\\\/creating-with-canada\\\/production-services\\\/\",\n\t            \"url\": \"https:\\\/\\\/preprod.activ.is\\\/en\\\/creating-with-canada\\\/production-services\\\/\",\n\t            \"name\": \"Canadian Audiovisual Production Services - Preprod - RDVCanada\",\n\t            \"isPartOf\": {\n\t                \"@id\": \"https:\\\/\\\/preprod.activ.is\\\/en\\\/#website\"\n\t            },\n\t            \"datePublished\": \"2021-01-13T21:05:04+00:00\",\n\t            \"dateModified\": \"2021-06-30T17:28:41+00:00\",\n\t            \"description\": \"Canada\u2019s got talent when it comes to production services: virtual reality, animation, special effects, sound and set design, etc.\",\n\t            \"breadcrumb\": {\n\t                \"@id\": \"https:\\\/\\\/preprod.activ.is\\\/en\\\/creating-with-canada\\\/production-services\\\/#breadcrumb\"\n\t            },\n\t            \"inLanguage\": \"en-CA\",\n\t            \"potentialAction\": [\n\t                {\n\t                    \"@type\": \"ReadAction\",\n\t                    \"target\": [\n\t                        \"https:\\\/\\\/preprod.activ.is\\\/en\\\/creating-with-canada\\\/production-services\\\/\"\n\t                    ]\n\t                }\n\t            ]\n\t        },\n\t        {\n\t            \"@type\": \"BreadcrumbList\",\n\t            \"@id\": \"https:\\\/\\\/preprod.activ.is\\\/en\\\/creating-with-canada\\\/production-services\\\/#breadcrumb\",\n\t            \"itemListElement\": [\n\t                {\n\t                    \"@type\": \"ListItem\",\n\t                    \"position\": 1,\n\t                    \"name\": \"Home\",\n\t                    \"item\": \"https:\\\/\\\/preprod.activ.is\\\/en\\\/\"\n\t                },\n\t                {\n\t                    \"@type\": \"ListItem\",\n\t                    \"position\": 2,\n\t                    \"name\": \"Creating with Canada\",\n\t                    \"item\": \"https:\\\/\\\/preprod.activ.is\\\/en\\\/creating-with-canada\\\/\"\n\t                },\n\t                {\n\t                    \"@type\": \"ListItem\",\n\t                    \"position\": 3,\n\t                    \"name\": \"Production services\"\n\t                }\n\t            ]\n\t        },\n\t        {\n\t            \"@type\": \"WebSite\",\n\t            \"@id\": \"https:\\\/\\\/preprod.activ.is\\\/en\\\/#website\",\n\t            \"url\": \"https:\\\/\\\/preprod.activ.is\\\/en\\\/\",\n\t            \"name\": \"Preprod - RDVCanada\",\n\t            \"description\": \"SEE BIG. Discover the best in Canadian talent around the world.\",\n\t            \"potentialAction\": [\n\t                {\n\t                    \"@type\": \"SearchAction\",\n\t                    \"target\": {\n\t                        \"@type\": \"EntryPoint\",\n\t                        \"urlTemplate\": \"https:\\\/\\\/preprod.activ.is\\\/en\\\/?s={search_term_string}\"\n\t                    },\n\t                    \"query-input\": {\n\t                        \"@type\": \"PropertyValueSpecification\",\n\t                        \"valueRequired\": true,\n\t                        \"valueName\": \"search_term_string\"\n\t                    }\n\t                }\n\t            ],\n\t            \"inLanguage\": \"en-CA\"\n\t        }\n\t    ]\n\t}<\/script>\n<!-- \/ Yoast SEO plugin. -->","yoast_head_json":{"title":"Canadian Audiovisual Production Services - Preprod - RDVCanada","description":"Canada\u2019s got talent when it comes to production services: virtual reality, animation, special effects, sound and set design, etc.","robots":{"index":"noindex","follow":"follow","max-snippet":"max-snippet:-1","max-image-preview":"max-image-preview:large","max-video-preview":"max-video-preview:-1"},"og_locale":"en_US","og_type":"article","og_title":"Canadian Audiovisual Production Services - Preprod - RDVCanada","og_description":"Canada\u2019s got talent when it comes to production services: virtual reality, animation, special effects, sound and set design, etc.","og_url":"https:\/\/preprod.activ.is\/en\/creating-with-canada\/production-services\/","og_site_name":"Preprod - RDVCanada","article_publisher":"https:\/\/www.facebook.com\/telefilmcanada","article_modified_time":"2021-06-30T17:28:41+00:00","twitter_card":"summary_large_image","twitter_site":"@Telefilm_Canada","twitter_misc":{"Est. reading time":"2 minutes"},"schema":{"@context":"https:\/\/schema.org","@graph":[{"@type":"WebPage","@id":"https:\/\/preprod.activ.is\/en\/creating-with-canada\/production-services\/","url":"https:\/\/preprod.activ.is\/en\/creating-with-canada\/production-services\/","name":"Canadian Audiovisual Production Services - Preprod - RDVCanada","isPartOf":{"@id":"https:\/\/preprod.activ.is\/en\/#website"},"datePublished":"2021-01-13T21:05:04+00:00","dateModified":"2021-06-30T17:28:41+00:00","description":"Canada\u2019s got talent when it comes to production services: virtual reality, animation, special effects, sound and set design, etc.","breadcrumb":{"@id":"https:\/\/preprod.activ.is\/en\/creating-with-canada\/production-services\/#breadcrumb"},"inLanguage":"en-CA","potentialAction":[{"@type":"ReadAction","target":["https:\/\/preprod.activ.is\/en\/creating-with-canada\/production-services\/"]}]},{"@type":"BreadcrumbList","@id":"https:\/\/preprod.activ.is\/en\/creating-with-canada\/production-services\/#breadcrumb","itemListElement":[{"@type":"ListItem","position":1,"name":"Home","item":"https:\/\/preprod.activ.is\/en\/"},{"@type":"ListItem","position":2,"name":"Creating with Canada","item":"https:\/\/preprod.activ.is\/en\/creating-with-canada\/"},{"@type":"ListItem","position":3,"name":"Production services"}]},{"@type":"WebSite","@id":"https:\/\/preprod.activ.is\/en\/#website","url":"https:\/\/preprod.activ.is\/en\/","name":"Preprod - RDVCanada","description":"SEE BIG. Discover the best in Canadian talent around the world.","potentialAction":[{"@type":"SearchAction","target":{"@type":"EntryPoint","urlTemplate":"https:\/\/preprod.activ.is\/en\/?s={search_term_string}"},"query-input":{"@type":"PropertyValueSpecification","valueRequired":true,"valueName":"search_term_string"}}],"inLanguage":"en-CA"}]}},"_links":{"self":[{"href":"https:\/\/preprod.activ.is\/en\/wp-json\/wp\/v2\/pages\/40821","targetHints":{"allow":["GET"]}}],"collection":[{"href":"https:\/\/preprod.activ.is\/en\/wp-json\/wp\/v2\/pages"}],"about":[{"href":"https:\/\/preprod.activ.is\/en\/wp-json\/wp\/v2\/types\/page"}],"author":[{"embeddable":true,"href":"https:\/\/preprod.activ.is\/en\/wp-json\/wp\/v2\/users\/879"}],"replies":[{"embeddable":true,"href":"https:\/\/preprod.activ.is\/en\/wp-json\/wp\/v2\/comments?post=40821"}],"version-history":[{"count":0,"href":"https:\/\/preprod.activ.is\/en\/wp-json\/wp\/v2\/pages\/40821\/revisions"}],"up":[{"embeddable":true,"href":"https:\/\/preprod.activ.is\/en\/wp-json\/wp\/v2\/pages\/193"}],"wp:attachment":[{"href":"https:\/\/preprod.activ.is\/en\/wp-json\/wp\/v2\/media?parent=40821"}],"curies":[{"name":"wp","href":"https:\/\/api.w.org\/{rel}","templated":true}]}}