{"id":11920,"date":"2018-07-12T10:40:46","date_gmt":"2018-07-12T14:40:46","guid":{"rendered":"https:\/\/preprod.activ.is\/?page_id=11920"},"modified":"2021-06-28T13:49:50","modified_gmt":"2021-06-28T17:49:50","slug":"regles-daffaires","status":"publish","type":"page","link":"https:\/\/preprod.activ.is\/fr\/regles-daffaires\/","title":{"rendered":"R\u00e8gles d&#8217;affaires"},"content":{"rendered":"\t\t<div data-elementor-type=\"wp-post\" data-elementor-id=\"11920\" class=\"elementor elementor-11920 elementor-11924\" data-elementor-post-type=\"page\">\n\t\t\t\t\t\t<section class=\"elementor-section elementor-top-section elementor-element elementor-element-3688b823 elementor-section-height-min-height elementor-section-stretched elementor-section-boxed elementor-section-height-default elementor-section-items-middle\" data-id=\"3688b823\" data-element_type=\"section\" data-e-type=\"section\" data-settings=\"{&quot;stretch_section&quot;:&quot;section-stretched&quot;}\">\n\t\t\t\t\t\t<div class=\"elementor-container elementor-column-gap-default\">\n\t\t\t\t\t<div class=\"elementor-column elementor-col-50 elementor-top-column elementor-element elementor-element-39268897\" data-id=\"39268897\" data-element_type=\"column\" data-e-type=\"column\">\n\t\t\t<div class=\"elementor-widget-wrap elementor-element-populated\">\n\t\t\t\t\t\t<div class=\"elementor-element elementor-element-38898bbb animated-fast elementor-invisible elementor-widget elementor-widget-heading\" data-id=\"38898bbb\" data-element_type=\"widget\" data-e-type=\"widget\" data-settings=\"{&quot;_animation_delay&quot;:300,&quot;_animation&quot;:&quot;fadeIn&quot;}\" data-widget_type=\"heading.default\">\n\t\t\t\t<div class=\"elementor-widget-container\">\n\t\t\t\t\t<h1 class=\"elementor-heading-title elementor-size-xxl\" id=\"regles\">R\u00c8GLES<\/h1>\t\t\t\t<\/div>\n\t\t\t\t<\/div>\n\t\t\t\t<div class=\"elementor-element elementor-element-1d8e5cde animated-fast elementor-invisible elementor-widget elementor-widget-heading\" data-id=\"1d8e5cde\" data-element_type=\"widget\" data-e-type=\"widget\" data-settings=\"{&quot;_animation_delay&quot;:300,&quot;_animation&quot;:&quot;fadeIn&quot;}\" data-widget_type=\"heading.default\">\n\t\t\t\t<div class=\"elementor-widget-container\">\n\t\t\t\t\t<h1 class=\"elementor-heading-title elementor-size-xxl\" id=\"daffaires\">D'AFFAIRES.<\/h1>\t\t\t\t<\/div>\n\t\t\t\t<\/div>\n\t\t\t\t\t<\/div>\n\t\t<\/div>\n\t\t\t\t<div class=\"elementor-column elementor-col-50 elementor-top-column elementor-element elementor-element-6f860549 elementor-hidden-phone\" data-id=\"6f860549\" data-element_type=\"column\" data-e-type=\"column\" data-settings=\"{&quot;background_background&quot;:&quot;classic&quot;}\">\n\t\t\t<div class=\"elementor-widget-wrap\">\n\t\t\t\t\t\t\t<\/div>\n\t\t<\/div>\n\t\t\t\t\t<\/div>\n\t\t<\/section>\n\t\t\t\t<section class=\"elementor-section elementor-top-section elementor-element elementor-element-7cea3d5e elementor-section-height-min-height elementor-section-items-stretch elementor-section-stretched elementor-section-boxed elementor-section-height-default\" data-id=\"7cea3d5e\" data-element_type=\"section\" data-e-type=\"section\" data-settings=\"{&quot;stretch_section&quot;:&quot;section-stretched&quot;}\">\n\t\t\t\t\t\t<div class=\"elementor-container elementor-column-gap-default\">\n\t\t\t\t\t<div class=\"elementor-column elementor-col-100 elementor-top-column elementor-element elementor-element-5a45b141\" data-id=\"5a45b141\" data-element_type=\"column\" data-e-type=\"column\" data-settings=\"{&quot;background_background&quot;:&quot;classic&quot;}\">\n\t\t\t<div class=\"elementor-widget-wrap elementor-element-populated\">\n\t\t\t\t\t\t<div class=\"elementor-element elementor-element-4ffbe54b elementor-widget elementor-widget-spacer\" data-id=\"4ffbe54b\" data-element_type=\"widget\" data-e-type=\"widget\" data-widget_type=\"spacer.default\">\n\t\t\t\t<div class=\"elementor-widget-container\">\n\t\t\t\t\t\t\t<div class=\"elementor-spacer\">\n\t\t\t<div class=\"elementor-spacer-inner\"><\/div>\n\t\t<\/div>\n\t\t\t\t\t\t<\/div>\n\t\t\t\t<\/div>\n\t\t\t\t\t<\/div>\n\t\t<\/div>\n\t\t\t\t\t<\/div>\n\t\t<\/section>\n\t\t\t\t<section class=\"elementor-section elementor-top-section elementor-element elementor-element-9e8a016 elementor-section-boxed elementor-section-height-default elementor-section-height-default\" data-id=\"9e8a016\" data-element_type=\"section\" data-e-type=\"section\">\n\t\t\t\t\t\t<div class=\"elementor-container elementor-column-gap-default\">\n\t\t\t\t\t<div class=\"elementor-column elementor-col-100 elementor-top-column elementor-element elementor-element-63a0a3d5\" data-id=\"63a0a3d5\" data-element_type=\"column\" data-e-type=\"column\">\n\t\t\t<div class=\"elementor-widget-wrap elementor-element-populated\">\n\t\t\t\t\t\t<div class=\"elementor-element elementor-element-70fbd1a5 animated-fast elementor-invisible elementor-widget elementor-widget-heading\" data-id=\"70fbd1a5\" data-element_type=\"widget\" data-e-type=\"widget\" data-settings=\"{&quot;_animation&quot;:&quot;fadeInUp&quot;,&quot;_animation_delay&quot;:300}\" data-widget_type=\"heading.default\">\n\t\t\t\t<div class=\"elementor-widget-container\">\n\t\t\t\t\t<h2 class=\"elementor-heading-title elementor-size-xl\" id=\"decouvrez-nos-regles-daffaires\">D\u00e9couvrez nos r\u00e8gles d\u2019affaires<\/h2>\t\t\t\t<\/div>\n\t\t\t\t<\/div>\n\t\t\t\t<div class=\"elementor-element elementor-element-7c495e81 animated-fast elementor-invisible elementor-widget elementor-widget-text-editor\" data-id=\"7c495e81\" data-element_type=\"widget\" data-e-type=\"widget\" data-settings=\"{&quot;_animation&quot;:&quot;fadeInUp&quot;,&quot;_animation_delay&quot;:300}\" data-widget_type=\"text-editor.default\">\n\t\t\t\t<div class=\"elementor-widget-container\">\n\t\t\t\t\t\t\t\t\t<p>Voyez si vous, votre compagnie ou votre production pouvez \u00eatre pr\u00e9sent dans les bottins de RDVCanada.<\/p><p>Puis, rendez-vous \u00e0 l\u2019Espace Client, cr\u00e9ez votre compte et entrez l\u2019information demand\u00e9e. C\u2019est aussi simple que cela!<\/p>\t\t\t\t\t\t\t\t<\/div>\n\t\t\t\t<\/div>\n\t\t\t\t\t<\/div>\n\t\t<\/div>\n\t\t\t\t\t<\/div>\n\t\t<\/section>\n\t\t\t\t<section class=\"elementor-section elementor-top-section elementor-element elementor-element-4aa22121 elementor-section-boxed elementor-section-height-default elementor-section-height-default\" data-id=\"4aa22121\" data-element_type=\"section\" data-e-type=\"section\">\n\t\t\t\t\t\t<div class=\"elementor-container elementor-column-gap-default\">\n\t\t\t\t\t<div class=\"elementor-column elementor-col-33 elementor-top-column elementor-element elementor-element-56721aa2\" data-id=\"56721aa2\" data-element_type=\"column\" data-e-type=\"column\">\n\t\t\t<div class=\"elementor-widget-wrap elementor-element-populated\">\n\t\t\t\t\t\t<div class=\"elementor-element elementor-element-533cbacc color--primary elementor-widget elementor-widget-heading\" data-id=\"533cbacc\" data-element_type=\"widget\" data-e-type=\"widget\" data-widget_type=\"heading.default\">\n\t\t\t\t<div class=\"elementor-widget-container\">\n\t\t\t\t\t<h2 class=\"elementor-heading-title elementor-size-default\" id=\"fiche-produit\">Fiche Produit<\/h2>\t\t\t\t<\/div>\n\t\t\t\t<\/div>\n\t\t\t\t<div class=\"elementor-element elementor-element-5deb8ca7 animated-fast elementor-invisible elementor-widget elementor-widget-text-editor\" data-id=\"5deb8ca7\" data-element_type=\"widget\" data-e-type=\"widget\" data-settings=\"{&quot;_animation&quot;:&quot;fadeInUp&quot;,&quot;_animation_delay&quot;:300}\" data-widget_type=\"text-editor.default\">\n\t\t\t\t<div class=\"elementor-widget-container\">\n\t\t\t\t\t\t\t\t\t<p>Toute production canadienne qui a particip\u00e9 \u00e0 une initiative de T\u00e9l\u00e9film, qui a \u00e9t\u00e9 s\u00e9lectionn\u00e9 ou diffus\u00e9 lors d\u2019un \u00e9v\u00e9nement ou un festival cibl\u00e9 par T\u00e9l\u00e9film est admissible \u00e0 avoir une fiche Produit pour une p\u00e9riode donn\u00e9e.<\/p>\t\t\t\t\t\t\t\t<\/div>\n\t\t\t\t<\/div>\n\t\t\t\t\t<\/div>\n\t\t<\/div>\n\t\t\t\t<div class=\"elementor-column elementor-col-33 elementor-top-column elementor-element elementor-element-a57cf0e\" data-id=\"a57cf0e\" data-element_type=\"column\" data-e-type=\"column\">\n\t\t\t<div class=\"elementor-widget-wrap elementor-element-populated\">\n\t\t\t\t\t\t<div class=\"elementor-element elementor-element-bd6a4fa color--primary elementor-widget elementor-widget-heading\" data-id=\"bd6a4fa\" data-element_type=\"widget\" data-e-type=\"widget\" data-widget_type=\"heading.default\">\n\t\t\t\t<div class=\"elementor-widget-container\">\n\t\t\t\t\t<h2 class=\"elementor-heading-title elementor-size-default\" id=\"fiche-producteur\">Fiche Producteur<\/h2>\t\t\t\t<\/div>\n\t\t\t\t<\/div>\n\t\t\t\t<div class=\"elementor-element elementor-element-5e5a1ecb elementor-widget elementor-widget-text-editor\" data-id=\"5e5a1ecb\" data-element_type=\"widget\" data-e-type=\"widget\" data-widget_type=\"text-editor.default\">\n\t\t\t\t<div class=\"elementor-widget-container\">\n\t\t\t\t\t\t\t\t\t<p>Tout producteur qui s\u2019est inscrit au Pavillon du Canada, qui a eu un film en s\u00e9lection dans un festival ou qui a particip\u00e9 \u00e0 une initiative de T\u00e9l\u00e9film Canada comme producteur peut avoir une fiche Producteur pour une p\u00e9riode donn\u00e9e.<\/p>\t\t\t\t\t\t\t\t<\/div>\n\t\t\t\t<\/div>\n\t\t\t\t\t<\/div>\n\t\t<\/div>\n\t\t\t\t<div class=\"elementor-column elementor-col-33 elementor-top-column elementor-element elementor-element-5906097\" data-id=\"5906097\" data-element_type=\"column\" data-e-type=\"column\">\n\t\t\t<div class=\"elementor-widget-wrap elementor-element-populated\">\n\t\t\t\t\t\t<div class=\"elementor-element elementor-element-7ddba77 color--primary elementor-widget elementor-widget-heading\" data-id=\"7ddba77\" data-element_type=\"widget\" data-e-type=\"widget\" data-widget_type=\"heading.default\">\n\t\t\t\t<div class=\"elementor-widget-container\">\n\t\t\t\t\t<h2 class=\"elementor-heading-title elementor-size-default\" id=\"fiche-compagnie\">Fiche Compagnie<\/h2>\t\t\t\t<\/div>\n\t\t\t\t<\/div>\n\t\t\t\t<div class=\"elementor-element elementor-element-6e336a9d elementor-widget elementor-widget-text-editor\" data-id=\"6e336a9d\" data-element_type=\"widget\" data-e-type=\"widget\" data-widget_type=\"text-editor.default\">\n\t\t\t\t<div class=\"elementor-widget-container\">\n\t\t\t\t\t\t\t\t\t<p>Toute compagnie qui est inscrite au Pavillon du Canada peut avoir une fiche Compagnie pour une p\u00e9riode donn\u00e9e.<\/p>\t\t\t\t\t\t\t\t<\/div>\n\t\t\t\t<\/div>\n\t\t\t\t\t<\/div>\n\t\t<\/div>\n\t\t\t\t\t<\/div>\n\t\t<\/section>\n\t\t\t\t<\/div>\n\t\t","protected":false},"excerpt":{"rendered":"<p>R\u00c8GLES D&#8217;AFFAIRES. D\u00e9couvrez nos r\u00e8gles d\u2019affaires Voyez si vous, votre compagnie ou votre production pouvez \u00eatre pr\u00e9sent dans les bottins de RDVCanada. Puis, rendez-vous \u00e0 l\u2019Espace Client, cr\u00e9ez votre compte et entrez l\u2019information demand\u00e9e. C\u2019est aussi simple que cela! Fiche Produit Toute production canadienne qui a particip\u00e9 \u00e0 une initiative de T\u00e9l\u00e9film, qui a \u00e9t\u00e9&#8230;<\/p>\n","protected":false},"author":17,"featured_media":0,"parent":0,"menu_order":15,"comment_status":"closed","ping_status":"closed","template":"","meta":{"_acf_changed":false,"_crdt_document":"","footnotes":""},"class_list":["post-11920","page","type-page","status-publish","hentry"],"acf":[],"yoast_head":"<!-- This site is optimized with the Yoast SEO plugin v27.4 - https:\/\/yoast.com\/product\/yoast-seo-wordpress\/ -->\n<title>R\u00e8gles d&#039;affaires - RDVCanada.ca<\/title>\n<meta name=\"robots\" content=\"noindex, follow, max-snippet:-1, max-image-preview:large, max-video-preview:-1\" \/>\n<meta property=\"og:locale\" content=\"fr_CA\" \/>\n<meta property=\"og:type\" content=\"article\" \/>\n<meta property=\"og:title\" content=\"R\u00e8gles d&#039;affaires - RDVCanada.ca\" \/>\n<meta property=\"og:description\" content=\"R\u00c8GLES D&#8217;AFFAIRES. D\u00e9couvrez nos r\u00e8gles d\u2019affaires Voyez si vous, votre compagnie ou votre production pouvez \u00eatre pr\u00e9sent dans les bottins de RDVCanada. Puis, rendez-vous \u00e0 l\u2019Espace Client, cr\u00e9ez votre compte et entrez l\u2019information demand\u00e9e. C\u2019est aussi simple que cela! Fiche Produit Toute production canadienne qui a particip\u00e9 \u00e0 une initiative de T\u00e9l\u00e9film, qui a \u00e9t\u00e9...\" \/>\n<meta property=\"og:url\" content=\"https:\/\/preprod.activ.is\/fr\/regles-daffaires\/\" \/>\n<meta property=\"og:site_name\" content=\"RDVCanada.ca\" \/>\n<meta property=\"article:publisher\" content=\"https:\/\/www.facebook.com\/telefilmcanada\" \/>\n<meta property=\"article:modified_time\" content=\"2021-06-28T17:49:50+00:00\" \/>\n<meta name=\"twitter:card\" content=\"summary_large_image\" \/>\n<meta name=\"twitter:site\" content=\"@Telefilm_Canada\" \/>\n<meta name=\"twitter:label1\" content=\"Estimation du temps de lecture\" \/>\n\t<meta name=\"twitter:data1\" content=\"1 minute\" \/>\n<script type=\"application\/ld+json\" class=\"yoast-schema-graph\">{\n\t    \"@context\": \"https:\\\/\\\/schema.org\",\n\t    \"@graph\": [\n\t        {\n\t            \"@type\": \"WebPage\",\n\t            \"@id\": \"https:\\\/\\\/preprod.activ.is\\\/fr\\\/regles-daffaires\\\/\",\n\t            \"url\": \"https:\\\/\\\/preprod.activ.is\\\/fr\\\/regles-daffaires\\\/\",\n\t            \"name\": \"R\u00e8gles d'affaires - RDVCanada.ca\",\n\t            \"isPartOf\": {\n\t                \"@id\": \"https:\\\/\\\/preprod.activ.is\\\/en\\\/#website\"\n\t            },\n\t            \"datePublished\": \"2018-07-12T14:40:46+00:00\",\n\t            \"dateModified\": \"2021-06-28T17:49:50+00:00\",\n\t            \"breadcrumb\": {\n\t                \"@id\": \"https:\\\/\\\/preprod.activ.is\\\/fr\\\/regles-daffaires\\\/#breadcrumb\"\n\t            },\n\t            \"inLanguage\": \"fr-CA\",\n\t            \"potentialAction\": [\n\t                {\n\t                    \"@type\": \"ReadAction\",\n\t                    \"target\": [\n\t                        \"https:\\\/\\\/preprod.activ.is\\\/fr\\\/regles-daffaires\\\/\"\n\t                    ]\n\t                }\n\t            ]\n\t        },\n\t        {\n\t            \"@type\": \"BreadcrumbList\",\n\t            \"@id\": \"https:\\\/\\\/preprod.activ.is\\\/fr\\\/regles-daffaires\\\/#breadcrumb\",\n\t            \"itemListElement\": [\n\t                {\n\t                    \"@type\": \"ListItem\",\n\t                    \"position\": 1,\n\t                    \"name\": \"Home\",\n\t                    \"item\": \"https:\\\/\\\/preprod.activ.is\\\/en\\\/\"\n\t                },\n\t                {\n\t                    \"@type\": \"ListItem\",\n\t                    \"position\": 2,\n\t                    \"name\": \"R\u00e8gles d&#8217;affaires\"\n\t                }\n\t            ]\n\t        },\n\t        {\n\t            \"@type\": \"WebSite\",\n\t            \"@id\": \"https:\\\/\\\/preprod.activ.is\\\/en\\\/#website\",\n\t            \"url\": \"https:\\\/\\\/preprod.activ.is\\\/en\\\/\",\n\t            \"name\": \"RDVCanada.ca\",\n\t            \"description\": \"VOIR GRAND. D\u00e9couvrez le meilleur du talent Canadien \u00e0 travers le monde.\",\n\t            \"potentialAction\": [\n\t                {\n\t                    \"@type\": \"SearchAction\",\n\t                    \"target\": {\n\t                        \"@type\": \"EntryPoint\",\n\t                        \"urlTemplate\": \"https:\\\/\\\/preprod.activ.is\\\/en\\\/?s={search_term_string}\"\n\t                    },\n\t                    \"query-input\": {\n\t                        \"@type\": \"PropertyValueSpecification\",\n\t                        \"valueRequired\": true,\n\t                        \"valueName\": \"search_term_string\"\n\t                    }\n\t                }\n\t            ],\n\t            \"inLanguage\": \"fr-CA\"\n\t        }\n\t    ]\n\t}<\/script>\n<!-- \/ Yoast SEO plugin. -->","yoast_head_json":{"title":"R\u00e8gles d'affaires - RDVCanada.ca","robots":{"index":"noindex","follow":"follow","max-snippet":"max-snippet:-1","max-image-preview":"max-image-preview:large","max-video-preview":"max-video-preview:-1"},"og_locale":"fr_CA","og_type":"article","og_title":"R\u00e8gles d'affaires - RDVCanada.ca","og_description":"R\u00c8GLES D&#8217;AFFAIRES. D\u00e9couvrez nos r\u00e8gles d\u2019affaires Voyez si vous, votre compagnie ou votre production pouvez \u00eatre pr\u00e9sent dans les bottins de RDVCanada. Puis, rendez-vous \u00e0 l\u2019Espace Client, cr\u00e9ez votre compte et entrez l\u2019information demand\u00e9e. C\u2019est aussi simple que cela! Fiche Produit Toute production canadienne qui a particip\u00e9 \u00e0 une initiative de T\u00e9l\u00e9film, qui a \u00e9t\u00e9...","og_url":"https:\/\/preprod.activ.is\/fr\/regles-daffaires\/","og_site_name":"RDVCanada.ca","article_publisher":"https:\/\/www.facebook.com\/telefilmcanada","article_modified_time":"2021-06-28T17:49:50+00:00","twitter_card":"summary_large_image","twitter_site":"@Telefilm_Canada","twitter_misc":{"Estimation du temps de lecture":"1 minute"},"schema":{"@context":"https:\/\/schema.org","@graph":[{"@type":"WebPage","@id":"https:\/\/preprod.activ.is\/fr\/regles-daffaires\/","url":"https:\/\/preprod.activ.is\/fr\/regles-daffaires\/","name":"R\u00e8gles d'affaires - RDVCanada.ca","isPartOf":{"@id":"https:\/\/preprod.activ.is\/en\/#website"},"datePublished":"2018-07-12T14:40:46+00:00","dateModified":"2021-06-28T17:49:50+00:00","breadcrumb":{"@id":"https:\/\/preprod.activ.is\/fr\/regles-daffaires\/#breadcrumb"},"inLanguage":"fr-CA","potentialAction":[{"@type":"ReadAction","target":["https:\/\/preprod.activ.is\/fr\/regles-daffaires\/"]}]},{"@type":"BreadcrumbList","@id":"https:\/\/preprod.activ.is\/fr\/regles-daffaires\/#breadcrumb","itemListElement":[{"@type":"ListItem","position":1,"name":"Home","item":"https:\/\/preprod.activ.is\/en\/"},{"@type":"ListItem","position":2,"name":"R\u00e8gles d&#8217;affaires"}]},{"@type":"WebSite","@id":"https:\/\/preprod.activ.is\/en\/#website","url":"https:\/\/preprod.activ.is\/en\/","name":"RDVCanada.ca","description":"VOIR GRAND. D\u00e9couvrez le meilleur du talent Canadien \u00e0 travers le monde.","potentialAction":[{"@type":"SearchAction","target":{"@type":"EntryPoint","urlTemplate":"https:\/\/preprod.activ.is\/en\/?s={search_term_string}"},"query-input":{"@type":"PropertyValueSpecification","valueRequired":true,"valueName":"search_term_string"}}],"inLanguage":"fr-CA"}]}},"_links":{"self":[{"href":"https:\/\/preprod.activ.is\/fr\/wp-json\/wp\/v2\/pages\/11920","targetHints":{"allow":["GET"]}}],"collection":[{"href":"https:\/\/preprod.activ.is\/fr\/wp-json\/wp\/v2\/pages"}],"about":[{"href":"https:\/\/preprod.activ.is\/fr\/wp-json\/wp\/v2\/types\/page"}],"author":[{"embeddable":true,"href":"https:\/\/preprod.activ.is\/fr\/wp-json\/wp\/v2\/users\/17"}],"replies":[{"embeddable":true,"href":"https:\/\/preprod.activ.is\/fr\/wp-json\/wp\/v2\/comments?post=11920"}],"version-history":[{"count":0,"href":"https:\/\/preprod.activ.is\/fr\/wp-json\/wp\/v2\/pages\/11920\/revisions"}],"wp:attachment":[{"href":"https:\/\/preprod.activ.is\/fr\/wp-json\/wp\/v2\/media?parent=11920"}],"curies":[{"name":"wp","href":"https:\/\/api.w.org\/{rel}","templated":true}]}}